{"id":37,"date":"2021-10-04T09:35:11","date_gmt":"2021-10-04T06:35:11","guid":{"rendered":"https:\/\/monomatbaa.com\/?page_id=37"},"modified":"2021-11-22T15:58:22","modified_gmt":"2021-11-22T12:58:22","slug":"cozumlerimiz","status":"publish","type":"page","link":"https:\/\/monomatbaa.com\/en\/cozumlerimiz\/","title":{"rendered":"OUR SOLUTIONS"},"content":{"rendered":"<p><\/p>\n<h2 style=\"text-align: center;\">OUR SOLUTIONS<\/h2>\n<p style=\"text-align: center;\">We are proud to be the solution partner for numerous businesses due to the outstanding outcomes we have accomplished with our skilled staff. We work around the clock to ensure that we are one of the first names that spring to mind when it comes to high-quality printing and quick turnaround. Our strongest future objective is to be the &#8220;preferred,&#8221; to add experience to our experience, and to continue producing the finest.<\/p>\n<p><\/p>","protected":false},"excerpt":{"rendered":"<p>OUR SOLUTIONS We are proud to be the solution partner for numerous businesses due to the outstanding outcomes we have accomplished with our skilled staff. We work around the clock to ensure that we are one of the first names that spring to mind when it comes to high-quality printing and quick turnaround. Our strongest [&hellip;]<\/p>\n","protected":false},"author":1,"featured_media":89,"parent":0,"menu_order":0,"comment_status":"closed","ping_status":"closed","template":"page-solutions.php","meta":{"footnotes":""},"class_list":["post-37","page","type-page","status-publish","has-post-thumbnail","hentry"],"yoast_head":"<!-- This site is optimized with the Yoast SEO plugin v17.3 - https:\/\/yoast.com\/wordpress\/plugins\/seo\/ -->\n<title>OUR SOLUTIONS - Mono Matbaa<\/title>\n<meta name=\"robots\" content=\"index, follow, max-snippet:-1, max-image-preview:large, max-video-preview:-1\" \/>\n<link rel=\"canonical\" href=\"https:\/\/monomatbaa.com\/en\/cozumlerimiz\/\" \/>\n<meta property=\"og:locale\" content=\"en_US\" \/>\n<meta property=\"og:type\" content=\"article\" \/>\n<meta property=\"og:title\" content=\"[:tr]\u00c7\u00d6Z\u00dcMLER\u0130M\u0130Z[:en]OUR SOLUTIONS[:] - Mono Matbaa\" \/>\n<meta property=\"og:description\" content=\"OUR SOLUTIONS We are proud to be the solution partner for numerous businesses due to the outstanding outcomes we have accomplished with our skilled staff. We work around the clock to ensure that we are one of the first names that spring to mind when it comes to high-quality printing and quick turnaround. Our strongest [&hellip;]\" \/>\n<meta property=\"og:url\" content=\"https:\/\/monomatbaa.com\/en\/cozumlerimiz\/\" \/>\n<meta property=\"og:site_name\" content=\"Mono Matbaa\" \/>\n<meta property=\"article:modified_time\" content=\"2021-11-22T12:58:22+00:00\" \/>\n<meta property=\"og:image\" content=\"https:\/\/monomatbaa.com\/wp-content\/uploads\/2021\/10\/page-header-cozumler.jpg\" \/>\n\t<meta property=\"og:image:width\" content=\"1600\" \/>\n\t<meta property=\"og:image:height\" content=\"545\" \/>\n<meta name=\"twitter:card\" content=\"summary_large_image\" \/>\n<meta name=\"twitter:label1\" content=\"Est. reading time\" \/>\n\t<meta name=\"twitter:data1\" content=\"1 minute\" \/>\n<script type=\"application\/ld+json\" class=\"yoast-schema-graph\">{\"@context\":\"https:\/\/schema.org\",\"@graph\":[{\"@type\":\"WebSite\",\"@id\":\"https:\/\/monomatbaa.com\/en\/#website\",\"url\":\"https:\/\/monomatbaa.com\/en\/\",\"name\":\"Mono Matbaa\",\"description\":\"\",\"potentialAction\":[{\"@type\":\"SearchAction\",\"target\":{\"@type\":\"EntryPoint\",\"urlTemplate\":\"https:\/\/monomatbaa.com\/en\/?s={search_term_string}\"},\"query-input\":\"required name=search_term_string\"}],\"inLanguage\":\"en-US\"},{\"@type\":\"ImageObject\",\"@id\":\"https:\/\/monomatbaa.com\/en\/cozumlerimiz\/#primaryimage\",\"inLanguage\":\"en-US\",\"url\":\"https:\/\/monomatbaa.com\/wp-content\/uploads\/2021\/10\/page-header-cozumler.jpg\",\"contentUrl\":\"https:\/\/monomatbaa.com\/wp-content\/uploads\/2021\/10\/page-header-cozumler.jpg\",\"width\":1600,\"height\":545},{\"@type\":\"WebPage\",\"@id\":\"https:\/\/monomatbaa.com\/en\/cozumlerimiz\/#webpage\",\"url\":\"https:\/\/monomatbaa.com\/en\/cozumlerimiz\/\",\"name\":\"[:tr]\\u00c7\\u00d6Z\\u00dcMLER\\u0130M\\u0130Z[:en]OUR SOLUTIONS[:] - Mono Matbaa\",\"isPartOf\":{\"@id\":\"https:\/\/monomatbaa.com\/en\/#website\"},\"primaryImageOfPage\":{\"@id\":\"https:\/\/monomatbaa.com\/en\/cozumlerimiz\/#primaryimage\"},\"datePublished\":\"2021-10-04T06:35:11+00:00\",\"dateModified\":\"2021-11-22T12:58:22+00:00\",\"breadcrumb\":{\"@id\":\"https:\/\/monomatbaa.com\/en\/cozumlerimiz\/#breadcrumb\"},\"inLanguage\":\"en-US\",\"potentialAction\":[{\"@type\":\"ReadAction\",\"target\":[\"https:\/\/monomatbaa.com\/en\/cozumlerimiz\/\"]}]},{\"@type\":\"BreadcrumbList\",\"@id\":\"https:\/\/monomatbaa.com\/en\/cozumlerimiz\/#breadcrumb\",\"itemListElement\":[{\"@type\":\"ListItem\",\"position\":1,\"name\":\"Anasayfa\",\"item\":\"https:\/\/monomatbaa.com\/en\/\"},{\"@type\":\"ListItem\",\"position\":2,\"name\":\"OUR SOLUTIONS\"}]}]}<\/script>\n<!-- \/ Yoast SEO plugin. -->","yoast_head_json":{"title":"[:tr]\u00c7\u00d6Z\u00dcMLER\u0130M\u0130Z[:en]OUR SOLUTIONS[:] - Mono Matbaa","robots":{"index":"index","follow":"follow","max-snippet":"max-snippet:-1","max-image-preview":"max-image-preview:large","max-video-preview":"max-video-preview:-1"},"canonical":"https:\/\/monomatbaa.com\/en\/cozumlerimiz\/","og_locale":"en_US","og_type":"article","og_title":"[:tr]\u00c7\u00d6Z\u00dcMLER\u0130M\u0130Z[:en]OUR SOLUTIONS[:] - Mono Matbaa","og_description":"OUR SOLUTIONS We are proud to be the solution partner for numerous businesses due to the outstanding outcomes we have accomplished with our skilled staff. We work around the clock to ensure that we are one of the first names that spring to mind when it comes to high-quality printing and quick turnaround. Our strongest [&hellip;]","og_url":"https:\/\/monomatbaa.com\/en\/cozumlerimiz\/","og_site_name":"Mono Matbaa","article_modified_time":"2021-11-22T12:58:22+00:00","og_image":[{"width":1600,"height":545,"url":"https:\/\/monomatbaa.com\/wp-content\/uploads\/2021\/10\/page-header-cozumler.jpg","type":"image\/jpeg"}],"twitter_card":"summary_large_image","twitter_misc":{"Est. reading time":"1 minute"},"schema":{"@context":"https:\/\/schema.org","@graph":[{"@type":"WebSite","@id":"https:\/\/monomatbaa.com\/en\/#website","url":"https:\/\/monomatbaa.com\/en\/","name":"Mono Matbaa","description":"","potentialAction":[{"@type":"SearchAction","target":{"@type":"EntryPoint","urlTemplate":"https:\/\/monomatbaa.com\/en\/?s={search_term_string}"},"query-input":"required name=search_term_string"}],"inLanguage":"en-US"},{"@type":"ImageObject","@id":"https:\/\/monomatbaa.com\/en\/cozumlerimiz\/#primaryimage","inLanguage":"en-US","url":"https:\/\/monomatbaa.com\/wp-content\/uploads\/2021\/10\/page-header-cozumler.jpg","contentUrl":"https:\/\/monomatbaa.com\/wp-content\/uploads\/2021\/10\/page-header-cozumler.jpg","width":1600,"height":545},{"@type":"WebPage","@id":"https:\/\/monomatbaa.com\/en\/cozumlerimiz\/#webpage","url":"https:\/\/monomatbaa.com\/en\/cozumlerimiz\/","name":"[:tr]\u00c7\u00d6Z\u00dcMLER\u0130M\u0130Z[:en]OUR SOLUTIONS[:] - Mono Matbaa","isPartOf":{"@id":"https:\/\/monomatbaa.com\/en\/#website"},"primaryImageOfPage":{"@id":"https:\/\/monomatbaa.com\/en\/cozumlerimiz\/#primaryimage"},"datePublished":"2021-10-04T06:35:11+00:00","dateModified":"2021-11-22T12:58:22+00:00","breadcrumb":{"@id":"https:\/\/monomatbaa.com\/en\/cozumlerimiz\/#breadcrumb"},"inLanguage":"en-US","potentialAction":[{"@type":"ReadAction","target":["https:\/\/monomatbaa.com\/en\/cozumlerimiz\/"]}]},{"@type":"BreadcrumbList","@id":"https:\/\/monomatbaa.com\/en\/cozumlerimiz\/#breadcrumb","itemListElement":[{"@type":"ListItem","position":1,"name":"Anasayfa","item":"https:\/\/monomatbaa.com\/en\/"},{"@type":"ListItem","position":2,"name":"OUR SOLUTIONS"}]}]}},"_links":{"self":[{"href":"https:\/\/monomatbaa.com\/en\/wp-json\/wp\/v2\/pages\/37","targetHints":{"allow":["GET"]}}],"collection":[{"href":"https:\/\/monomatbaa.com\/en\/wp-json\/wp\/v2\/pages"}],"about":[{"href":"https:\/\/monomatbaa.com\/en\/wp-json\/wp\/v2\/types\/page"}],"author":[{"embeddable":true,"href":"https:\/\/monomatbaa.com\/en\/wp-json\/wp\/v2\/users\/1"}],"replies":[{"embeddable":true,"href":"https:\/\/monomatbaa.com\/en\/wp-json\/wp\/v2\/comments?post=37"}],"version-history":[{"count":28,"href":"https:\/\/monomatbaa.com\/en\/wp-json\/wp\/v2\/pages\/37\/revisions"}],"predecessor-version":[{"id":301,"href":"https:\/\/monomatbaa.com\/en\/wp-json\/wp\/v2\/pages\/37\/revisions\/301"}],"wp:featuredmedia":[{"embeddable":true,"href":"https:\/\/monomatbaa.com\/en\/wp-json\/wp\/v2\/media\/89"}],"wp:attachment":[{"href":"https:\/\/monomatbaa.com\/en\/wp-json\/wp\/v2\/media?parent=37"}],"curies":[{"name":"wp","href":"https:\/\/api.w.org\/{rel}","templated":true}]}}